{"id":259,"date":"2022-10-28T14:29:47","date_gmt":"2022-10-28T14:29:47","guid":{"rendered":"https:\/\/preprod.pcisecuritystandards.org\/lang\/?page_id=259"},"modified":"2026-01-13T21:15:33","modified_gmt":"2026-01-13T21:15:33","slug":"resources","status":"publish","type":"page","link":"https:\/\/preprod.pcisecuritystandards.org\/lang\/de-de\/resources\/","title":{"rendered":"Resources"},"content":{"rendered":"\t\t<div data-elementor-type=\"wp-page\" data-elementor-id=\"259\" class=\"elementor elementor-259\" data-elementor-post-type=\"page\">\n\t\t\t\t\t\t<section class=\"elementor-section elementor-top-section elementor-element elementor-element-7e88b45c elementor-section-content-middle elementor-reverse-mobile elementor-section-boxed elementor-section-height-default elementor-section-height-default\" data-id=\"7e88b45c\" data-element_type=\"section\" data-e-type=\"section\" data-settings=\"{&quot;background_background&quot;:&quot;classic&quot;}\">\n\t\t\t\t\t\t<div class=\"elementor-container elementor-column-gap-default\">\n\t\t\t\t\t<div class=\"elementor-column elementor-col-33 elementor-top-column elementor-element elementor-element-7f45520c\" data-id=\"7f45520c\" data-element_type=\"column\" data-e-type=\"column\">\n\t\t\t<div class=\"elementor-widget-wrap elementor-element-populated\">\n\t\t\t\t\t\t<div class=\"elementor-element elementor-element-788fcba2 elementor-widget elementor-widget-heading\" data-id=\"788fcba2\" data-element_type=\"widget\" data-e-type=\"widget\" data-widget_type=\"heading.default\">\n\t\t\t\t<div class=\"elementor-widget-container\">\n\t\t\t\t\t<h2 class=\"elementor-heading-title elementor-size-default\">Weitere Ressourcen<\/h2>\t\t\t\t<\/div>\n\t\t\t\t<\/div>\n\t\t\t\t\t<\/div>\n\t\t<\/div>\n\t\t\t\t<div class=\"elementor-column elementor-col-33 elementor-top-column elementor-element elementor-element-2adf6629 elementor-hidden-tablet elementor-hidden-mobile\" data-id=\"2adf6629\" data-element_type=\"column\" data-e-type=\"column\">\n\t\t\t<div class=\"elementor-widget-wrap\">\n\t\t\t\t\t\t\t<\/div>\n\t\t<\/div>\n\t\t\t\t<div class=\"elementor-column elementor-col-33 elementor-top-column elementor-element elementor-element-1fc3bad9\" data-id=\"1fc3bad9\" data-element_type=\"column\" data-e-type=\"column\">\n\t\t\t<div class=\"elementor-widget-wrap elementor-element-populated\">\n\t\t\t\t\t\t<div class=\"elementor-element elementor-element-41f6825c elementor-widget elementor-widget-image\" data-id=\"41f6825c\" data-element_type=\"widget\" data-e-type=\"widget\" data-widget_type=\"image.default\">\n\t\t\t\t<div class=\"elementor-widget-container\">\n\t\t\t\t\t\t\t\t\t\t\t\t\t\t\t<img fetchpriority=\"high\" decoding=\"async\" width=\"446\" height=\"248\" src=\"https:\/\/preprod.pcisecuritystandards.org\/lang\/wp-content\/uploads\/sites\/5\/2022\/10\/privacy.jpg\" class=\"attachment-full size-full wp-image-235\" alt=\"\" srcset=\"https:\/\/preprod.pcisecuritystandards.org\/lang\/wp-content\/uploads\/sites\/5\/2022\/10\/privacy.jpg 446w, https:\/\/preprod.pcisecuritystandards.org\/lang\/wp-content\/uploads\/sites\/5\/2022\/10\/privacy.jpg?resize=300,167 300w, https:\/\/preprod.pcisecuritystandards.org\/lang\/wp-content\/uploads\/sites\/5\/2022\/10\/privacy.jpg?resize=342,190 342w\" sizes=\"(max-width: 446px) 100vw, 446px\" \/>\t\t\t\t\t\t\t\t\t\t\t\t\t\t\t<\/div>\n\t\t\t\t<\/div>\n\t\t\t\t\t<\/div>\n\t\t<\/div>\n\t\t\t\t\t<\/div>\n\t\t<\/section>\n\t\t\t\t<section class=\"elementor-section elementor-top-section elementor-element elementor-element-7efcd896 privacy-content elementor-section-boxed elementor-section-height-default elementor-section-height-default\" data-id=\"7efcd896\" data-element_type=\"section\" data-e-type=\"section\" id=\"link-two\" data-settings=\"{&quot;background_background&quot;:&quot;classic&quot;}\">\n\t\t\t\t\t\t<div class=\"elementor-container elementor-column-gap-default\">\n\t\t\t\t\t<div class=\"elementor-column elementor-col-100 elementor-top-column elementor-element elementor-element-57d62403\" data-id=\"57d62403\" data-element_type=\"column\" data-e-type=\"column\">\n\t\t\t<div class=\"elementor-widget-wrap elementor-element-populated\">\n\t\t\t\t\t\t<div class=\"elementor-element elementor-element-386ea152 editor_custom_styles elementor-widget elementor-widget-text-editor\" data-id=\"386ea152\" data-element_type=\"widget\" data-e-type=\"widget\" data-widget_type=\"text-editor.default\">\n\t\t\t\t<div class=\"elementor-widget-container\">\n\t\t\t\t\t\t\t\t\t<p>Weitere Ressourcen stehen\u00a0<a href=\"https:\/\/de.pcisecuritystandards.org\/minisite\/en\/\">in Englisch<\/a>\u00a0zur Verf\u00fcgung.<\/p><p>\u00a0<\/p><ul><li><a href=\"https:\/\/www.pcisecuritystandards.org\/\/assessors_and_solutions\/qualified_security_assessors\">QSA-Mitarbeiter \u00fcberpr\u00fcfen<\/a><\/li><li><a href=\"https:\/\/www.pcisecuritystandards.org\/\/assessors_and_solutions\/qualified_security_assessors\">QSA-Unternehmen \u00fcberpr\u00fcfen<\/a><\/li><li><a href=\"https:\/\/www.pcisecuritystandards.org\/\/assessors_and_solutions\/payment_application_assessors\">QSAs f\u00fcr Zahlungsanwendung (PA-QSA) \u00fcberpr\u00fcfen<\/a><\/li><li><a href=\"https:\/\/www.pcisecuritystandards.org\/\/assessors_and_solutions\/approved_scanning_vendors\">ASV (Approved Scanning Vendor, zugelassener Sicherheitspr\u00fcfer) \u00fcberpr\u00fcfen<\/a><\/li><li><a href=\"https:\/\/www.pcisecuritystandards.org\/\/assessors_and_solutions\/pci_professionals\">PCIP \u00fcberpr\u00fcfen<\/a><\/li><li><a href=\"https:\/\/www.pcisecuritystandards.org\/\/assessors_and_solutions\/pin_transaction_devices\">Zugelassene Ger\u00e4te (PIN-Transaktionssicherheit)<\/a><\/li><li><a href=\"https:\/\/www.pcisecuritystandards.org\/\/assessors_and_solutions\/payment_application_assessors\">\u00dcberpr\u00fcfte Zahlungsanwendungen<\/a><\/li><li><a href=\"https:\/\/www.pcisecuritystandards.org\/\/assessors_and_solutions\/point_to_point_encryption_solutions\">Validierte P2PE-L\u00f6sungen<\/a><\/li><li><a href=\"https:\/\/www.pcisecuritystandards.org\/\/assessors_and_solutions\/point_to_point_encryption_applications\">Validierte P2PE-Anwendungen<\/a><\/li><li><a href=\"https:\/\/www.pcisecuritystandards.org\/\/assessors_and_solutions\/internal_security_assessors\">ISA \u00fcberpr\u00fcfen<\/a><\/li><li><a href=\"https:\/\/www.pcisecuritystandards.org\/\/assessors_and_solutions\/pci_forensic_investigators\">PCI Forensic Investigators (PFI)<\/a><\/li><li><a href=\"https:\/\/www.pcisecuritystandards.org\/\/assessors_and_solutions\/point_to_point_encryption_assessors\">Unternehmen mit PCI Point-to-Point-Verschl\u00fcsselung<\/a><\/li><li><a href=\"https:\/\/www.pcisecuritystandards.org\/\/assessors_and_solutions\/qualified_integrators_and_resellers\">Qualifizierte Integratoren und Wiederverk\u00e4ufer<\/a><\/li><\/ul>\t\t\t\t\t\t\t\t<\/div>\n\t\t\t\t<\/div>\n\t\t\t\t\t<\/div>\n\t\t<\/div>\n\t\t\t\t\t<\/div>\n\t\t<\/section>\n\t\t\t\t<\/div>\n\t\t","protected":false},"excerpt":{"rendered":"<p>Weitere Ressourcen Weitere Ressourcen stehen\u00a0in Englisch\u00a0zur Verf\u00fcgung. \u00a0 QSA-Mitarbeiter \u00fcberpr\u00fcfen QSA-Unternehmen \u00fcberpr\u00fcfen QSAs f\u00fcr Zahlungsanwendung (PA-QSA) \u00fcberpr\u00fcfen ASV (Approved Scanning Vendor, zugelassener Sicherheitspr\u00fcfer) \u00fcberpr\u00fcfen PCIP \u00fcberpr\u00fcfen Zugelassene Ger\u00e4te (PIN-Transaktionssicherheit) \u00dcberpr\u00fcfte Zahlungsanwendungen Validierte P2PE-L\u00f6sungen Validierte P2PE-Anwendungen ISA \u00fcberpr\u00fcfen PCI Forensic Investigators (PFI) Unternehmen mit PCI Point-to-Point-Verschl\u00fcsselung Qualifizierte Integratoren und Wiederverk\u00e4ufer<\/p>\n","protected":false},"author":21,"featured_media":0,"parent":129,"menu_order":0,"comment_status":"closed","ping_status":"closed","template":"","meta":{"_acf_changed":false,"footnotes":""},"language_category":[],"class_list":["post-259","page","type-page","status-publish","hentry"],"acf":[],"yoast_head":"<!-- This site is optimized with the Yoast SEO plugin v27.1.1 - https:\/\/yoast.com\/product\/yoast-seo-wordpress\/ -->\n<title>Resources - PCI Language Minisites<\/title>\n<meta name=\"robots\" content=\"index, follow, max-snippet:-1, max-image-preview:large, max-video-preview:-1\" \/>\n<link rel=\"canonical\" href=\"https:\/\/preprod.pcisecuritystandards.org\/lang\/de-de\/resources\/\" \/>\n<meta property=\"og:locale\" content=\"en_US\" \/>\n<meta property=\"og:type\" content=\"article\" \/>\n<meta property=\"og:title\" content=\"Resources - PCI Language Minisites\" \/>\n<meta property=\"og:description\" content=\"Weitere Ressourcen Weitere Ressourcen stehen\u00a0in Englisch\u00a0zur Verf\u00fcgung. \u00a0 QSA-Mitarbeiter \u00fcberpr\u00fcfen QSA-Unternehmen \u00fcberpr\u00fcfen QSAs f\u00fcr Zahlungsanwendung (PA-QSA) \u00fcberpr\u00fcfen ASV (Approved Scanning Vendor, zugelassener Sicherheitspr\u00fcfer) \u00fcberpr\u00fcfen PCIP \u00fcberpr\u00fcfen Zugelassene Ger\u00e4te (PIN-Transaktionssicherheit) \u00dcberpr\u00fcfte Zahlungsanwendungen Validierte P2PE-L\u00f6sungen Validierte P2PE-Anwendungen ISA \u00fcberpr\u00fcfen PCI Forensic Investigators (PFI) Unternehmen mit PCI Point-to-Point-Verschl\u00fcsselung Qualifizierte Integratoren und Wiederverk\u00e4ufer\" \/>\n<meta property=\"og:url\" content=\"https:\/\/preprod.pcisecuritystandards.org\/lang\/de-de\/resources\/\" \/>\n<meta property=\"og:site_name\" content=\"PCI Language Minisites\" \/>\n<meta property=\"article:modified_time\" content=\"2026-01-13T21:15:33+00:00\" \/>\n<meta property=\"og:image\" content=\"https:\/\/preprod.pcisecuritystandards.org\/lang\/wp-content\/uploads\/sites\/5\/2022\/10\/privacy.jpg\" \/>\n<meta name=\"twitter:card\" content=\"summary_large_image\" \/>\n<script type=\"application\/ld+json\" class=\"yoast-schema-graph\">{\"@context\":\"https:\/\/schema.org\",\"@graph\":[{\"@type\":\"WebPage\",\"@id\":\"https:\/\/preprod.pcisecuritystandards.org\/lang\/de-de\/resources\/\",\"url\":\"https:\/\/preprod.pcisecuritystandards.org\/lang\/de-de\/resources\/\",\"name\":\"Resources - PCI Language Minisites\",\"isPartOf\":{\"@id\":\"https:\/\/preprod.pcisecuritystandards.org\/lang\/#website\"},\"primaryImageOfPage\":{\"@id\":\"https:\/\/preprod.pcisecuritystandards.org\/lang\/de-de\/resources\/#primaryimage\"},\"image\":{\"@id\":\"https:\/\/preprod.pcisecuritystandards.org\/lang\/de-de\/resources\/#primaryimage\"},\"thumbnailUrl\":\"https:\/\/preprod.pcisecuritystandards.org\/lang\/wp-content\/uploads\/sites\/5\/2022\/10\/privacy.jpg\",\"datePublished\":\"2022-10-28T14:29:47+00:00\",\"dateModified\":\"2026-01-13T21:15:33+00:00\",\"breadcrumb\":{\"@id\":\"https:\/\/preprod.pcisecuritystandards.org\/lang\/de-de\/resources\/#breadcrumb\"},\"inLanguage\":\"en-US\",\"potentialAction\":[{\"@type\":\"ReadAction\",\"target\":[\"https:\/\/preprod.pcisecuritystandards.org\/lang\/de-de\/resources\/\"]}]},{\"@type\":\"ImageObject\",\"inLanguage\":\"en-US\",\"@id\":\"https:\/\/preprod.pcisecuritystandards.org\/lang\/de-de\/resources\/#primaryimage\",\"url\":\"https:\/\/preprod.pcisecuritystandards.org\/lang\/wp-content\/uploads\/sites\/5\/2022\/10\/privacy.jpg\",\"contentUrl\":\"https:\/\/preprod.pcisecuritystandards.org\/lang\/wp-content\/uploads\/sites\/5\/2022\/10\/privacy.jpg\",\"width\":446,\"height\":248},{\"@type\":\"BreadcrumbList\",\"@id\":\"https:\/\/preprod.pcisecuritystandards.org\/lang\/de-de\/resources\/#breadcrumb\",\"itemListElement\":[{\"@type\":\"ListItem\",\"position\":1,\"name\":\"Home\",\"item\":\"https:\/\/preprod.pcisecuritystandards.org\/lang\/\"},{\"@type\":\"ListItem\",\"position\":2,\"name\":\"Offizielle Website des PCI Security Standards Council \u2013 \u00dcberpr\u00fcfen Sie die PCI-Compliance, laden Sie Datensicherheits- und Kreditkartensicherheitsstandards herunter\",\"item\":\"https:\/\/preprod.pcisecuritystandards.org\/lang\/de-de\/\"},{\"@type\":\"ListItem\",\"position\":3,\"name\":\"Resources\"}]},{\"@type\":\"WebSite\",\"@id\":\"https:\/\/preprod.pcisecuritystandards.org\/lang\/#website\",\"url\":\"https:\/\/preprod.pcisecuritystandards.org\/lang\/\",\"name\":\"PCI Language Minisites\",\"description\":\"Just another pci-ssc-wp.go-vip.net Sites site\",\"publisher\":{\"@id\":\"https:\/\/preprod.pcisecuritystandards.org\/lang\/#organization\"},\"potentialAction\":[{\"@type\":\"SearchAction\",\"target\":{\"@type\":\"EntryPoint\",\"urlTemplate\":\"https:\/\/preprod.pcisecuritystandards.org\/lang\/?s={search_term_string}\"},\"query-input\":{\"@type\":\"PropertyValueSpecification\",\"valueRequired\":true,\"valueName\":\"search_term_string\"}}],\"inLanguage\":\"en-US\"},{\"@type\":\"Organization\",\"@id\":\"https:\/\/preprod.pcisecuritystandards.org\/lang\/#organization\",\"name\":\"PCI Language Minisites\",\"url\":\"https:\/\/preprod.pcisecuritystandards.org\/lang\/\",\"logo\":{\"@type\":\"ImageObject\",\"inLanguage\":\"en-US\",\"@id\":\"https:\/\/preprod.pcisecuritystandards.org\/lang\/#\/schema\/logo\/image\/\",\"url\":\"https:\/\/preprod.pcisecuritystandards.org\/lang\/wp-content\/uploads\/sites\/5\/2022\/10\/pci-logo-teal.svg\",\"contentUrl\":\"https:\/\/preprod.pcisecuritystandards.org\/lang\/wp-content\/uploads\/sites\/5\/2022\/10\/pci-logo-teal.svg\",\"width\":192,\"height\":58,\"caption\":\"PCI Language Minisites\"},\"image\":{\"@id\":\"https:\/\/preprod.pcisecuritystandards.org\/lang\/#\/schema\/logo\/image\/\"}}]}<\/script>\n<!-- \/ Yoast SEO plugin. -->","yoast_head_json":{"title":"Resources - PCI Language Minisites","robots":{"index":"index","follow":"follow","max-snippet":"max-snippet:-1","max-image-preview":"max-image-preview:large","max-video-preview":"max-video-preview:-1"},"canonical":"https:\/\/preprod.pcisecuritystandards.org\/lang\/de-de\/resources\/","og_locale":"en_US","og_type":"article","og_title":"Resources - PCI Language Minisites","og_description":"Weitere Ressourcen Weitere Ressourcen stehen\u00a0in Englisch\u00a0zur Verf\u00fcgung. \u00a0 QSA-Mitarbeiter \u00fcberpr\u00fcfen QSA-Unternehmen \u00fcberpr\u00fcfen QSAs f\u00fcr Zahlungsanwendung (PA-QSA) \u00fcberpr\u00fcfen ASV (Approved Scanning Vendor, zugelassener Sicherheitspr\u00fcfer) \u00fcberpr\u00fcfen PCIP \u00fcberpr\u00fcfen Zugelassene Ger\u00e4te (PIN-Transaktionssicherheit) \u00dcberpr\u00fcfte Zahlungsanwendungen Validierte P2PE-L\u00f6sungen Validierte P2PE-Anwendungen ISA \u00fcberpr\u00fcfen PCI Forensic Investigators (PFI) Unternehmen mit PCI Point-to-Point-Verschl\u00fcsselung Qualifizierte Integratoren und Wiederverk\u00e4ufer","og_url":"https:\/\/preprod.pcisecuritystandards.org\/lang\/de-de\/resources\/","og_site_name":"PCI Language Minisites","article_modified_time":"2026-01-13T21:15:33+00:00","og_image":[{"url":"https:\/\/preprod.pcisecuritystandards.org\/lang\/wp-content\/uploads\/sites\/5\/2022\/10\/privacy.jpg","type":"","width":"","height":""}],"twitter_card":"summary_large_image","schema":{"@context":"https:\/\/schema.org","@graph":[{"@type":"WebPage","@id":"https:\/\/preprod.pcisecuritystandards.org\/lang\/de-de\/resources\/","url":"https:\/\/preprod.pcisecuritystandards.org\/lang\/de-de\/resources\/","name":"Resources - PCI Language Minisites","isPartOf":{"@id":"https:\/\/preprod.pcisecuritystandards.org\/lang\/#website"},"primaryImageOfPage":{"@id":"https:\/\/preprod.pcisecuritystandards.org\/lang\/de-de\/resources\/#primaryimage"},"image":{"@id":"https:\/\/preprod.pcisecuritystandards.org\/lang\/de-de\/resources\/#primaryimage"},"thumbnailUrl":"https:\/\/preprod.pcisecuritystandards.org\/lang\/wp-content\/uploads\/sites\/5\/2022\/10\/privacy.jpg","datePublished":"2022-10-28T14:29:47+00:00","dateModified":"2026-01-13T21:15:33+00:00","breadcrumb":{"@id":"https:\/\/preprod.pcisecuritystandards.org\/lang\/de-de\/resources\/#breadcrumb"},"inLanguage":"en-US","potentialAction":[{"@type":"ReadAction","target":["https:\/\/preprod.pcisecuritystandards.org\/lang\/de-de\/resources\/"]}]},{"@type":"ImageObject","inLanguage":"en-US","@id":"https:\/\/preprod.pcisecuritystandards.org\/lang\/de-de\/resources\/#primaryimage","url":"https:\/\/preprod.pcisecuritystandards.org\/lang\/wp-content\/uploads\/sites\/5\/2022\/10\/privacy.jpg","contentUrl":"https:\/\/preprod.pcisecuritystandards.org\/lang\/wp-content\/uploads\/sites\/5\/2022\/10\/privacy.jpg","width":446,"height":248},{"@type":"BreadcrumbList","@id":"https:\/\/preprod.pcisecuritystandards.org\/lang\/de-de\/resources\/#breadcrumb","itemListElement":[{"@type":"ListItem","position":1,"name":"Home","item":"https:\/\/preprod.pcisecuritystandards.org\/lang\/"},{"@type":"ListItem","position":2,"name":"Offizielle Website des PCI Security Standards Council \u2013 \u00dcberpr\u00fcfen Sie die PCI-Compliance, laden Sie Datensicherheits- und Kreditkartensicherheitsstandards herunter","item":"https:\/\/preprod.pcisecuritystandards.org\/lang\/de-de\/"},{"@type":"ListItem","position":3,"name":"Resources"}]},{"@type":"WebSite","@id":"https:\/\/preprod.pcisecuritystandards.org\/lang\/#website","url":"https:\/\/preprod.pcisecuritystandards.org\/lang\/","name":"PCI Language Minisites","description":"Just another pci-ssc-wp.go-vip.net Sites site","publisher":{"@id":"https:\/\/preprod.pcisecuritystandards.org\/lang\/#organization"},"potentialAction":[{"@type":"SearchAction","target":{"@type":"EntryPoint","urlTemplate":"https:\/\/preprod.pcisecuritystandards.org\/lang\/?s={search_term_string}"},"query-input":{"@type":"PropertyValueSpecification","valueRequired":true,"valueName":"search_term_string"}}],"inLanguage":"en-US"},{"@type":"Organization","@id":"https:\/\/preprod.pcisecuritystandards.org\/lang\/#organization","name":"PCI Language Minisites","url":"https:\/\/preprod.pcisecuritystandards.org\/lang\/","logo":{"@type":"ImageObject","inLanguage":"en-US","@id":"https:\/\/preprod.pcisecuritystandards.org\/lang\/#\/schema\/logo\/image\/","url":"https:\/\/preprod.pcisecuritystandards.org\/lang\/wp-content\/uploads\/sites\/5\/2022\/10\/pci-logo-teal.svg","contentUrl":"https:\/\/preprod.pcisecuritystandards.org\/lang\/wp-content\/uploads\/sites\/5\/2022\/10\/pci-logo-teal.svg","width":192,"height":58,"caption":"PCI Language Minisites"},"image":{"@id":"https:\/\/preprod.pcisecuritystandards.org\/lang\/#\/schema\/logo\/image\/"}}]}},"jetpack_sharing_enabled":true,"_links":{"self":[{"href":"https:\/\/preprod.pcisecuritystandards.org\/lang\/wp-json\/wp\/v2\/pages\/259","targetHints":{"allow":["GET"]}}],"collection":[{"href":"https:\/\/preprod.pcisecuritystandards.org\/lang\/wp-json\/wp\/v2\/pages"}],"about":[{"href":"https:\/\/preprod.pcisecuritystandards.org\/lang\/wp-json\/wp\/v2\/types\/page"}],"author":[{"embeddable":true,"href":"https:\/\/preprod.pcisecuritystandards.org\/lang\/wp-json\/wp\/v2\/users\/21"}],"replies":[{"embeddable":true,"href":"https:\/\/preprod.pcisecuritystandards.org\/lang\/wp-json\/wp\/v2\/comments?post=259"}],"version-history":[{"count":7,"href":"https:\/\/preprod.pcisecuritystandards.org\/lang\/wp-json\/wp\/v2\/pages\/259\/revisions"}],"predecessor-version":[{"id":51910,"href":"https:\/\/preprod.pcisecuritystandards.org\/lang\/wp-json\/wp\/v2\/pages\/259\/revisions\/51910"}],"up":[{"embeddable":true,"href":"https:\/\/preprod.pcisecuritystandards.org\/lang\/wp-json\/wp\/v2\/pages\/129"}],"wp:attachment":[{"href":"https:\/\/preprod.pcisecuritystandards.org\/lang\/wp-json\/wp\/v2\/media?parent=259"}],"wp:term":[{"taxonomy":"language_category","embeddable":true,"href":"https:\/\/preprod.pcisecuritystandards.org\/lang\/wp-json\/wp\/v2\/language_category?post=259"}],"curies":[{"name":"wp","href":"https:\/\/api.w.org\/{rel}","templated":true}]}}